{"id":27020,"date":"2023-08-03T17:08:11","date_gmt":"2023-08-03T20:08:11","guid":{"rendered":"https:\/\/www.riofilmcommission.com\/cadastro-de-locacao\/"},"modified":"2023-08-03T17:08:12","modified_gmt":"2023-08-03T20:08:12","slug":"cadastro-de-locacao","status":"publish","type":"page","link":"https:\/\/www.riofilmcommission.com\/en\/cadastro-de-locacao\/","title":{"rendered":"Cadastro de Loca\u00e7\u00e3o"},"content":{"rendered":"\t\t<div data-elementor-type=\"wp-page\" data-elementor-id=\"27020\" class=\"elementor elementor-27020 elementor-1108\" data-elementor-post-type=\"page\">\n\t\t\t\t\t\t<section class=\"elementor-section elementor-top-section elementor-element elementor-element-7d7b6ab elementor-section-boxed elementor-section-height-default elementor-section-height-default\" data-id=\"7d7b6ab\" data-element_type=\"section\" data-e-type=\"section\" data-settings=\"{&quot;background_background&quot;:&quot;gradient&quot;,&quot;shape_divider_bottom&quot;:&quot;waves&quot;}\">\n\t\t\t\t\t<div class=\"elementor-shape elementor-shape-bottom\" aria-hidden=\"true\" data-negative=\"false\">\n\t\t\t<svg xmlns=\"http:\/\/www.w3.org\/2000\/svg\" viewBox=\"0 0 1000 100\" preserveAspectRatio=\"none\">\n\t<path class=\"elementor-shape-fill\" d=\"M421.9,6.5c22.6-2.5,51.5,0.4,75.5,5.3c23.6,4.9,70.9,23.5,100.5,35.7c75.8,32.2,133.7,44.5,192.6,49.7\n\tc23.6,2.1,48.7,3.5,103.4-2.5c54.7-6,106.2-25.6,106.2-25.6V0H0v30.3c0,0,72,32.6,158.4,30.5c39.2-0.7,92.8-6.7,134-22.4\n\tc21.2-8.1,52.2-18.2,79.7-24.2C399.3,7.9,411.6,7.5,421.9,6.5z\"\/>\n<\/svg>\t\t<\/div>\n\t\t\t\t\t<div class=\"elementor-container elementor-column-gap-wider\">\n\t\t\t\t\t<div class=\"elementor-column elementor-col-100 elementor-top-column elementor-element elementor-element-67238a0\" data-id=\"67238a0\" data-element_type=\"column\" data-e-type=\"column\">\n\t\t\t<div class=\"elementor-widget-wrap elementor-element-populated\">\n\t\t\t\t\t\t<div class=\"elementor-element elementor-element-4536d2b elementor-widget elementor-widget-heading\" data-id=\"4536d2b\" data-element_type=\"widget\" data-e-type=\"widget\" data-widget_type=\"heading.default\">\n\t\t\t\t<div class=\"elementor-widget-container\">\n\t\t\t\t\t<h2 class=\"elementor-heading-title elementor-size-default\">Register Location<\/h2>\t\t\t\t<\/div>\n\t\t\t\t<\/div>\n\t\t\t\t<div class=\"elementor-element elementor-element-68e5989 elementor-widget elementor-widget-text-editor\" data-id=\"68e5989\" data-element_type=\"widget\" data-e-type=\"widget\" data-widget_type=\"text-editor.default\">\n\t\t\t\t<div class=\"elementor-widget-container\">\n\t\t\t\t\t\t\t\t\t<p>Quer exibir seu espa\u00e7o no nosso cat\u00e1logo? Preencha o formul\u00e1rio a seguir<\/p>\n\t\t\t\t\t\t\t\t<\/div>\n\t\t\t\t<\/div>\n\t\t\t\t\t<\/div>\n\t\t<\/div>\n\t\t\t\t\t<\/div>\n\t\t<\/section>\n\t\t\t\t<section class=\"elementor-section elementor-top-section elementor-element elementor-element-4d95b88 elementor-section-boxed elementor-section-height-default elementor-section-height-default\" data-id=\"4d95b88\" data-element_type=\"section\" data-e-type=\"section\" data-settings=\"{&quot;background_background&quot;:&quot;classic&quot;,&quot;shape_divider_top&quot;:&quot;waves&quot;,&quot;shape_divider_top_negative&quot;:&quot;yes&quot;}\">\n\t\t\t\t\t<div class=\"elementor-shape elementor-shape-top\" aria-hidden=\"true\" data-negative=\"true\">\n\t\t\t<svg xmlns=\"http:\/\/www.w3.org\/2000\/svg\" viewBox=\"0 0 1000 100\" preserveAspectRatio=\"none\">\n\t<path class=\"elementor-shape-fill\" d=\"M790.5,93.1c-59.3-5.3-116.8-18-192.6-50c-29.6-12.7-76.9-31-100.5-35.9c-23.6-4.9-52.6-7.8-75.5-5.3\n\tc-10.2,1.1-22.6,1.4-50.1,7.4c-27.2,6.3-58.2,16.6-79.4,24.7c-41.3,15.9-94.9,21.9-134,22.6C72,58.2,0,25.8,0,25.8V100h1000V65.3\n\tc0,0-51.5,19.4-106.2,25.7C839.5,97,814.1,95.2,790.5,93.1z\"\/>\n<\/svg>\t\t<\/div>\n\t\t\t\t\t<div class=\"elementor-container elementor-column-gap-wider\">\n\t\t\t\t\t<div class=\"elementor-column elementor-col-100 elementor-top-column elementor-element elementor-element-37554da\" data-id=\"37554da\" data-element_type=\"column\" data-e-type=\"column\" data-settings=\"{&quot;background_background&quot;:&quot;classic&quot;}\">\n\t\t\t<div class=\"elementor-widget-wrap elementor-element-populated\">\n\t\t\t\t\t\t<div class=\"elementor-element elementor-element-ece727e elementor-widget elementor-widget-heading\" data-id=\"ece727e\" data-element_type=\"widget\" data-e-type=\"widget\" data-widget_type=\"heading.default\">\n\t\t\t\t<div class=\"elementor-widget-container\">\n\t\t\t\t\t<h2 class=\"elementor-heading-title elementor-size-default\">Entrar<\/h2>\t\t\t\t<\/div>\n\t\t\t\t<\/div>\n\t\t\t\t<div class=\"elementor-element elementor-element-e203a51 elementor-widget elementor-widget-login\" data-id=\"e203a51\" data-element_type=\"widget\" data-e-type=\"widget\" data-widget_type=\"login.default\">\n\t\t\t\t<div class=\"elementor-widget-container\">\n\t\t\t\t\t\t\t<form class=\"elementor-login elementor-form\" method=\"post\" action=\"https:\/\/www.riofilmcommission.com\/wp-login.php\" aria-label=\"Login form\">\n\t\t\t<input type=\"hidden\" name=\"redirect_to\" value=\"\/en\/wp-json\/wp\/v2\/pages\/27020\">\n\t\t\t<div class=\"elementor-form-fields-wrapper\">\n\t\t\t\t<div class=\"elementor-field-type-text elementor-field-group elementor-column elementor-col-100 elementor-field-required\">\n\t\t\t\t\t<label for=\"user-e203a51\" class=\"elementor-field-label\">Nome de usu\u00e1rio ou endere\u00e7o de e-mail<\/label>\n\t\t\t\t\t<input size=\"1\" type=\"text\" name=\"log\" id=\"user-e203a51\" placeholder=\"\" class=\"elementor-field elementor-field-textual elementor-size-sm\">\n\t\t\t\t<\/div>\n\t\t\t\t<div class=\"elementor-field-type-text elementor-field-group elementor-column elementor-col-100 elementor-field-required\">\n\t\t\t\t\t<label for=\"password-e203a51\" class=\"elementor-field-label\">Senha<\/label>\n\t\t\t\t\t<input size=\"1\" type=\"password\" name=\"pwd\" id=\"password-e203a51\" placeholder=\"\" class=\"elementor-field elementor-field-textual elementor-size-sm\">\n\t\t\t\t<\/div>\n\n\t\t\t\t\t\t\t\t\t<div class=\"elementor-field-type-checkbox elementor-field-group elementor-column elementor-col-100 elementor-remember-me\">\n\t\t\t\t\t\t<label for=\"elementor-login-remember-me\">\n\t\t\t\t\t\t\t<input type=\"checkbox\" id=\"elementor-login-remember-me\" name=\"rememberme\" value=\"forever\">\n\t\t\t\t\t\t\tRemember Me\t\t\t\t\t\t<\/label>\n\t\t\t\t\t<\/div>\n\t\t\t\t\n\t\t\t\t<div class=\"elementor-field-group elementor-column elementor-field-type-submit elementor-col-100\">\n\t\t\t\t\t<button type=\"submit\" class=\"elementor-size-sm elementor-button\" name=\"wp-submit\">\n\t\t\t\t\t\t\t\t\t\t\t\t\t\t\t<span class=\"elementor-button-text\">Entrar<\/span>\n\t\t\t\t\t\t\t\t\t\t\t\t<\/button>\n\t\t\t\t<\/div>\n\n\t\t\t\t\t\t\t\t\t<div class=\"elementor-field-group elementor-column elementor-col-100\">\n\t\t\t\t\t\t\t\t\t\t\t\t\t\t\t\t\t\t\t\t<a class=\"elementor-lost-password\" href=\"https:\/\/www.riofilmcommission.com\/wp-login.php?action=lostpassword&redirect_to=%2Fen%2Fwp-json%2Fwp%2Fv2%2Fpages%2F27020\">\n\t\t\t\t\t\t\t\tLost your password?\t\t\t\t\t\t\t<\/a>\n\t\t\t\t\t\t\n\t\t\t\t\t\t\t\t\t\t\t\t\t\t\t\t\t\t\t\t\t<span class=\"elementor-login-separator\"> | <\/span>\n\t\t\t\t\t\t\t\t\t\t\t\t\t\t\t\t\t\t\t\t\t<a class=\"elementor-register\" href=\"https:\/\/www.riofilmcommission.com\/wp-login.php?action=register\">\n\t\t\t\t\t\t\t\tRegister\t\t\t\t\t\t\t<\/a>\n\t\t\t\t\t\t\t\t\t\t\t<\/div>\n\t\t\t\t\t\t\t<\/div>\n\t\t<\/form>\n\t\t\t\t\t\t<\/div>\n\t\t\t\t<\/div>\n\t\t\t\t<div class=\"elementor-element elementor-element-9f2aa74 jedv-enabled--yes elementor-widget elementor-widget-heading\" data-id=\"9f2aa74\" data-element_type=\"widget\" data-e-type=\"widget\" data-widget_type=\"heading.default\">\n\t\t\t\t<div class=\"elementor-widget-container\">\n\t\t\t\t\t<h2 class=\"elementor-heading-title elementor-size-default\">Cadastrar<\/h2>\t\t\t\t<\/div>\n\t\t\t\t<\/div>\n\t\t\t\t<div class=\"elementor-element elementor-element-bc5a80a jedv-enabled--yes elementor-widget elementor-widget-jet-engine-booking-form\" data-id=\"bc5a80a\" data-element_type=\"widget\" data-e-type=\"widget\" data-widget_type=\"jet-engine-booking-form.default\">\n\t\t\t\t<div class=\"elementor-widget-container\">\n\t\t\t\t\t<form  class=\"jet-form layout-column submit-type-reload\" action=\"\/en\/wp-json\/wp\/v2\/pages\/27020?jet_engine_action=book&#038;nocache=1778628547\" method=\"POST\" data-form-id=\"22971\"><input class=\"jet-form__field hidden-field\" type=\"hidden\" name=\"_jet_engine_booking_form_id\" value=\"22971\" data-field-name=\"_jet_engine_booking_form_id\"><input class=\"jet-form__field hidden-field\" type=\"hidden\" name=\"_jet_engine_refer\" value=\"https:\/\/www.riofilmcommission.com\/en\/wp-json\/wp\/v2\/pages\/27020\/\" data-field-name=\"_jet_engine_refer\"><div  class=\"jet-form-row jet-form-row--first-visible\"><div class=\"jet-form-col jet-form-col-12  field-type-text  jet-form-field-container\" data-field=\"user_name\" data-conditional=\"false\"><div class=\"jet-form__label\">\n\t<span class=\"jet-form__label-text\" >Nome de usu\u00e1rio<span class=\"jet-form__required\">*<\/span><\/span>\n\t<\/div><input class=\"jet-form__field text-field \" value=\"\" required=\"required\" name=\"user_name\" id=\"user_name\" type=\"text\" data-field-name=\"user_name\"><\/div><\/div><div  class=\"jet-form-row\"><div class=\"jet-form-col jet-form-col-12  field-type-text  jet-form-field-container\" data-field=\"user_email\" data-conditional=\"false\"><div class=\"jet-form__label\">\n\t<span class=\"jet-form__label-text\" >E-mail<span class=\"jet-form__required\">*<\/span><\/span>\n\t<\/div><input class=\"jet-form__field text-field \" value=\"\" required=\"required\" name=\"user_email\" id=\"user_email\" type=\"email\" data-field-name=\"user_email\"><\/div><\/div><div  class=\"jet-form-row\"><div class=\"jet-form-col jet-form-col-12  field-type-text  jet-form-field-container\" data-field=\"user_pass\" data-conditional=\"false\"><div class=\"jet-form__label\">\n\t<span class=\"jet-form__label-text\" >Senha<span class=\"jet-form__required\">*<\/span><\/span>\n\t<\/div><input class=\"jet-form__field text-field \" value=\"\" required=\"required\" name=\"user_pass\" id=\"user_pass\" type=\"password\" data-field-name=\"user_pass\" minlength=\"8\" maxlength=\"16\"><\/div><\/div><div  class=\"jet-form-row\"><div class=\"jet-form-col jet-form-col-12  field-type-text  jet-form-field-container\" data-field=\"user_pass_confirm\" data-conditional=\"false\"><div class=\"jet-form__label\">\n\t<span class=\"jet-form__label-text\" >Confirmar senha<span class=\"jet-form__required\">*<\/span><\/span>\n\t<\/div><input class=\"jet-form__field text-field \" value=\"\" required=\"required\" name=\"user_pass_confirm\" id=\"user_pass_confirm\" type=\"password\" data-field-name=\"user_pass_confirm\" minlength=\"8\" maxlength=\"16\"><\/div><\/div><div  class=\"jet-form-row\"><div class=\"jet-form-col jet-form-col-12  field-type-text  jet-form-field-container\" data-field=\"user_firstname\" data-conditional=\"false\"><div class=\"jet-form__label\">\n\t<span class=\"jet-form__label-text\" >Nome<span class=\"jet-form__required\">*<\/span><\/span>\n\t<\/div><input class=\"jet-form__field text-field \" value=\"\" required=\"required\" name=\"user_firstname\" id=\"user_firstname\" type=\"text\" data-field-name=\"user_firstname\"><\/div><\/div><div  class=\"jet-form-row\"><div class=\"jet-form-col jet-form-col-12  field-type-text  jet-form-field-container\" data-field=\"user_lastname\" data-conditional=\"false\"><div class=\"jet-form__label\">\n\t<span class=\"jet-form__label-text\" >Sobrenome<span class=\"jet-form__required\">*<\/span><\/span>\n\t<\/div><input class=\"jet-form__field text-field \" value=\"\" required=\"required\" name=\"user_lastname\" id=\"user_lastname\" type=\"text\" data-field-name=\"user_lastname\"><\/div><\/div><div  class=\"jet-form-row jet-form-row--submit\"><div class=\"jet-form-col jet-form-col-12  field-type-submit  jet-form-field-container\" data-field=\"Submit\" data-conditional=\"false\"><div class=\"jet-form__submit-wrap\">\n\t\t<button class=\"jet-form__submit submit-type-reload\" type=\"submit\">Cadastrar<\/button>\n<\/div><\/div><\/div><script id=\"jet-engine-recaptcha-js\" src=\"https:\/\/www.google.com\/recaptcha\/api.js?render=6LdKakkeAAAAAHZ-PjHPCiqq9MZf7o9pBmXwazHE\"><\/script>\t\t\t<input type=\"hidden\" class=\"captcha-token\" name=\"_captcha_token\" value=\"\">\n\t\t\t<script>\n\n\t\t\t\tif ( ! window.JetEngineFormCaptcha ) {\n\t\t\t\t\twindow.JetEngineFormCaptcha = function( formID ) {\n\t\t\t\t\t\tvar $script  = document.querySelector( 'script#jet-engine-recaptcha-js' ),\n\t\t\t\t\t\t\t$cpField = document.querySelector( 'form[data-form-id=\"' + formID + '\"] .captcha-token' );\n\n\t\t\t\t\t\tfunction setFormToken() {\n\t\t\t\t\t\t\tif ( window.JetEngineFormToken ) {\n\t\t\t\t\t\t\t\t$cpField.value = window.JetEngineFormToken;\n\t\t\t\t\t\t\t} else if ( window.grecaptcha ) {\n\t\t\t\t\t\t\t\twindow.grecaptcha.ready( function() {\n\t\t\t\t\t\t\t\t\tgrecaptcha.execute(\n\t\t\t\t\t\t\t\t\t\t'6LdKakkeAAAAAHZ-PjHPCiqq9MZf7o9pBmXwazHE',\n\t\t\t\t\t\t\t\t\t\t{\n\t\t\t\t\t\t\t\t\t\t\taction: 'submit_form'\n\t\t\t\t\t\t\t\t\t\t}\n\t\t\t\t\t\t\t\t\t).then( function( token ) {\n\t\t\t\t\t\t\t\t\t\t$cpField.value = token;\n\t\t\t\t\t\t\t\t\t\twindow.JetEngineFormToken = token;\n\t\t\t\t\t\t\t\t\t} );\n\t\t\t\t\t\t\t\t} );\n\t\t\t\t\t\t\t}\n\t\t\t\t\t\t}\n\n\t\t\t\t\t\tif ( ! $cpField ) {\n\t\t\t\t\t\t\treturn;\n\t\t\t\t\t\t}\n\n\t\t\t\t\t\tif ( ! $script ) {\n\n\t\t\t\t\t\t\t$script = document.createElement( 'script' );\n\n\t\t\t\t\t\t\t$script.id  = 'jet-engine-recaptcha-js';\n\t\t\t\t\t\t\t$script.src = 'https:\/\/www.google.com\/recaptcha\/api.js?render=6LdKakkeAAAAAHZ-PjHPCiqq9MZf7o9pBmXwazHE';\n\n\t\t\t\t\t\t\t$cpField.parentNode.insertBefore( $script, $cpField );\n\n\t\t\t\t\t\t\t$script.onload = function() {\n\t\t\t\t\t\t\t\tsetFormToken();\n\t\t\t\t\t\t\t};\n\n\t\t\t\t\t\t} else {\n\t\t\t\t\t\t\tsetFormToken();\n\t\t\t\t\t\t}\n\n\t\t\t\t\t}\n\t\t\t\t}\n\n\t\t\t\twindow.JetEngineFormCaptcha( 22971 );\n\n\t\t\t\tjQuery( window ).on( 'jet-popup\/show-event\/after-show', function () {\n\n\t\t\t\t\twindow.JetEngineFormCaptcha( 22971 );\n\n\t\t\t\t} );\n\t\t\t<\/script>\n\t\t\t<input class=\"jet-form__field hidden-field\" type=\"hidden\" name=\"_jet_engine_nonce\" value=\"42365e231f\" data-field-name=\"_jet_engine_nonce\"><\/form>\t\t\t\t<\/div>\n\t\t\t\t<\/div>\n\t\t\t\t\t<\/div>\n\t\t<\/div>\n\t\t\t\t\t<\/div>\n\t\t<\/section>\n\t\t\t\t<\/div>\n\t\t","protected":false},"excerpt":{"rendered":"<p>Register Location Quer exibir seu espa\u00e7o no nosso cat\u00e1logo? Preencha o formul\u00e1rio a seguir Entrar Cadastrar Nome de usu\u00e1rio* E-mail* Senha* Confirmar senha* Nome* Sobrenome* Cadastrar Nome da loca\u00e7\u00e3o* Descri\u00e7\u00e3o* Endere\u00e7o* Telefone* E-mail* Bairro* Site* Site Munic\u00edpio* Disponibilidade Loca\u00e7\u00e3o RFC Loca\u00e7\u00e3o RFC Disponibilidade* Per\u00edodo m\u00ednimo* Per\u00edodo de uso* Valor por Per\u00edodo* Unidade de Valor* Imagem [&hellip;]<\/p>\n","protected":false},"author":1,"featured_media":0,"parent":0,"menu_order":0,"comment_status":"closed","ping_status":"closed","template":"elementor_header_footer","meta":{"footnotes":""},"class_list":["post-27020","page","type-page","status-publish","hentry"],"blocksy_meta":{"styles_descriptor":{"styles":{"desktop":"","tablet":"","mobile":""},"google_fonts":[],"version":6}},"yoast_head":"<!-- This site is optimized with the Yoast SEO plugin v27.6 - https:\/\/yoast.com\/product\/yoast-seo-wordpress\/ -->\n<title>Cadastro de Loca\u00e7\u00e3o - Rio Film Commission<\/title>\n<meta name=\"robots\" content=\"index, follow, max-snippet:-1, max-image-preview:large, max-video-preview:-1\" \/>\n<link rel=\"canonical\" href=\"https:\/\/www.riofilmcommission.com\/en\/cadastro-de-locacao\/\" \/>\n<meta property=\"og:locale\" content=\"en_US\" \/>\n<meta property=\"og:type\" content=\"article\" \/>\n<meta property=\"og:title\" content=\"Cadastro de Loca\u00e7\u00e3o - Rio Film Commission\" \/>\n<meta property=\"og:description\" content=\"Register Location Quer exibir seu espa\u00e7o no nosso cat\u00e1logo? Preencha o formul\u00e1rio a seguir Entrar Cadastrar Nome de usu\u00e1rio* E-mail* Senha* Confirmar senha* Nome* Sobrenome* Cadastrar Nome da loca\u00e7\u00e3o* Descri\u00e7\u00e3o* Endere\u00e7o* Telefone* E-mail* Bairro* Site* Site Munic\u00edpio* Disponibilidade Loca\u00e7\u00e3o RFC Loca\u00e7\u00e3o RFC Disponibilidade* Per\u00edodo m\u00ednimo* Per\u00edodo de uso* Valor por Per\u00edodo* Unidade de Valor* Imagem [&hellip;]\" \/>\n<meta property=\"og:url\" content=\"https:\/\/www.riofilmcommission.com\/en\/cadastro-de-locacao\/\" \/>\n<meta property=\"og:site_name\" content=\"Rio Film Commission\" \/>\n<meta property=\"article:publisher\" content=\"https:\/\/www.facebook.com\/RioFilmCommission\" \/>\n<meta property=\"article:modified_time\" content=\"2023-08-03T20:08:12+00:00\" \/>\n<meta property=\"og:image\" content=\"https:\/\/www.riofilmcommission.com\/wp-content\/uploads\/2022\/02\/rio-film-commission-featured.png\" \/>\n\t<meta property=\"og:image:width\" content=\"1600\" \/>\n\t<meta property=\"og:image:height\" content=\"700\" \/>\n\t<meta property=\"og:image:type\" content=\"image\/png\" \/>\n<meta name=\"twitter:card\" content=\"summary_large_image\" \/>\n<meta name=\"twitter:site\" content=\"@filmrio\" \/>\n<meta name=\"twitter:label1\" content=\"Est. reading time\" \/>\n\t<meta name=\"twitter:data1\" content=\"1 minute\" \/>\n<script type=\"application\/ld+json\" class=\"yoast-schema-graph\">{\"@context\":\"https:\\\/\\\/schema.org\",\"@graph\":[{\"@type\":\"WebPage\",\"@id\":\"https:\\\/\\\/www.riofilmcommission.com\\\/en\\\/cadastro-de-locacao\\\/\",\"url\":\"https:\\\/\\\/www.riofilmcommission.com\\\/en\\\/cadastro-de-locacao\\\/\",\"name\":\"Cadastro de Loca\u00e7\u00e3o - Rio Film Commission\",\"isPartOf\":{\"@id\":\"https:\\\/\\\/www.riofilmcommission.com\\\/en\\\/#website\"},\"datePublished\":\"2023-08-03T20:08:11+00:00\",\"dateModified\":\"2023-08-03T20:08:12+00:00\",\"breadcrumb\":{\"@id\":\"https:\\\/\\\/www.riofilmcommission.com\\\/en\\\/cadastro-de-locacao\\\/#breadcrumb\"},\"inLanguage\":\"en-US\",\"potentialAction\":[{\"@type\":\"ReadAction\",\"target\":[\"https:\\\/\\\/www.riofilmcommission.com\\\/en\\\/cadastro-de-locacao\\\/\"]}]},{\"@type\":\"BreadcrumbList\",\"@id\":\"https:\\\/\\\/www.riofilmcommission.com\\\/en\\\/cadastro-de-locacao\\\/#breadcrumb\",\"itemListElement\":[{\"@type\":\"ListItem\",\"position\":1,\"name\":\"Home\",\"item\":\"https:\\\/\\\/www.riofilmcommission.com\\\/en\\\/\"},{\"@type\":\"ListItem\",\"position\":2,\"name\":\"Cadastro de Loca\u00e7\u00e3o\"}]},{\"@type\":\"WebSite\",\"@id\":\"https:\\\/\\\/www.riofilmcommission.com\\\/en\\\/#website\",\"url\":\"https:\\\/\\\/www.riofilmcommission.com\\\/en\\\/\",\"name\":\"Rio Film Commission\",\"description\":\"\",\"publisher\":{\"@id\":\"https:\\\/\\\/www.riofilmcommission.com\\\/en\\\/#organization\"},\"potentialAction\":[{\"@type\":\"SearchAction\",\"target\":{\"@type\":\"EntryPoint\",\"urlTemplate\":\"https:\\\/\\\/www.riofilmcommission.com\\\/en\\\/?s={search_term_string}\"},\"query-input\":{\"@type\":\"PropertyValueSpecification\",\"valueRequired\":true,\"valueName\":\"search_term_string\"}}],\"inLanguage\":\"en-US\"},{\"@type\":\"Organization\",\"@id\":\"https:\\\/\\\/www.riofilmcommission.com\\\/en\\\/#organization\",\"name\":\"Rio Film Commission\",\"url\":\"https:\\\/\\\/www.riofilmcommission.com\\\/en\\\/\",\"logo\":{\"@type\":\"ImageObject\",\"inLanguage\":\"en-US\",\"@id\":\"https:\\\/\\\/www.riofilmcommission.com\\\/en\\\/#\\\/schema\\\/logo\\\/image\\\/\",\"url\":\"https:\\\/\\\/www.riofilmcommission.com\\\/wp-content\\\/uploads\\\/2024\\\/12\\\/logo-rio-film-commission-sem-g20.png\",\"contentUrl\":\"https:\\\/\\\/www.riofilmcommission.com\\\/wp-content\\\/uploads\\\/2024\\\/12\\\/logo-rio-film-commission-sem-g20.png\",\"width\":1161,\"height\":192,\"caption\":\"Rio Film Commission\"},\"image\":{\"@id\":\"https:\\\/\\\/www.riofilmcommission.com\\\/en\\\/#\\\/schema\\\/logo\\\/image\\\/\"},\"sameAs\":[\"https:\\\/\\\/www.facebook.com\\\/RioFilmCommission\",\"https:\\\/\\\/x.com\\\/filmrio\",\"https:\\\/\\\/www.instagram.com\\\/_riofilme\\\/\",\"https:\\\/\\\/br.linkedin.com\\\/company\\\/riofilme\",\"https:\\\/\\\/pt.wikipedia.org\\\/wiki\\\/RioFilme\"]}]}<\/script>\n<!-- \/ Yoast SEO plugin. -->","yoast_head_json":{"title":"Cadastro de Loca\u00e7\u00e3o - Rio Film Commission","robots":{"index":"index","follow":"follow","max-snippet":"max-snippet:-1","max-image-preview":"max-image-preview:large","max-video-preview":"max-video-preview:-1"},"canonical":"https:\/\/www.riofilmcommission.com\/en\/cadastro-de-locacao\/","og_locale":"en_US","og_type":"article","og_title":"Cadastro de Loca\u00e7\u00e3o - Rio Film Commission","og_description":"Register Location Quer exibir seu espa\u00e7o no nosso cat\u00e1logo? Preencha o formul\u00e1rio a seguir Entrar Cadastrar Nome de usu\u00e1rio* E-mail* Senha* Confirmar senha* Nome* Sobrenome* Cadastrar Nome da loca\u00e7\u00e3o* Descri\u00e7\u00e3o* Endere\u00e7o* Telefone* E-mail* Bairro* Site* Site Munic\u00edpio* Disponibilidade Loca\u00e7\u00e3o RFC Loca\u00e7\u00e3o RFC Disponibilidade* Per\u00edodo m\u00ednimo* Per\u00edodo de uso* Valor por Per\u00edodo* Unidade de Valor* Imagem [&hellip;]","og_url":"https:\/\/www.riofilmcommission.com\/en\/cadastro-de-locacao\/","og_site_name":"Rio Film Commission","article_publisher":"https:\/\/www.facebook.com\/RioFilmCommission","article_modified_time":"2023-08-03T20:08:12+00:00","og_image":[{"width":1600,"height":700,"url":"https:\/\/www.riofilmcommission.com\/wp-content\/uploads\/2022\/02\/rio-film-commission-featured.png","type":"image\/png"}],"twitter_card":"summary_large_image","twitter_site":"@filmrio","twitter_misc":{"Est. reading time":"1 minute"},"schema":{"@context":"https:\/\/schema.org","@graph":[{"@type":"WebPage","@id":"https:\/\/www.riofilmcommission.com\/en\/cadastro-de-locacao\/","url":"https:\/\/www.riofilmcommission.com\/en\/cadastro-de-locacao\/","name":"Cadastro de Loca\u00e7\u00e3o - Rio Film Commission","isPartOf":{"@id":"https:\/\/www.riofilmcommission.com\/en\/#website"},"datePublished":"2023-08-03T20:08:11+00:00","dateModified":"2023-08-03T20:08:12+00:00","breadcrumb":{"@id":"https:\/\/www.riofilmcommission.com\/en\/cadastro-de-locacao\/#breadcrumb"},"inLanguage":"en-US","potentialAction":[{"@type":"ReadAction","target":["https:\/\/www.riofilmcommission.com\/en\/cadastro-de-locacao\/"]}]},{"@type":"BreadcrumbList","@id":"https:\/\/www.riofilmcommission.com\/en\/cadastro-de-locacao\/#breadcrumb","itemListElement":[{"@type":"ListItem","position":1,"name":"Home","item":"https:\/\/www.riofilmcommission.com\/en\/"},{"@type":"ListItem","position":2,"name":"Cadastro de Loca\u00e7\u00e3o"}]},{"@type":"WebSite","@id":"https:\/\/www.riofilmcommission.com\/en\/#website","url":"https:\/\/www.riofilmcommission.com\/en\/","name":"Rio Film Commission","description":"","publisher":{"@id":"https:\/\/www.riofilmcommission.com\/en\/#organization"},"potentialAction":[{"@type":"SearchAction","target":{"@type":"EntryPoint","urlTemplate":"https:\/\/www.riofilmcommission.com\/en\/?s={search_term_string}"},"query-input":{"@type":"PropertyValueSpecification","valueRequired":true,"valueName":"search_term_string"}}],"inLanguage":"en-US"},{"@type":"Organization","@id":"https:\/\/www.riofilmcommission.com\/en\/#organization","name":"Rio Film Commission","url":"https:\/\/www.riofilmcommission.com\/en\/","logo":{"@type":"ImageObject","inLanguage":"en-US","@id":"https:\/\/www.riofilmcommission.com\/en\/#\/schema\/logo\/image\/","url":"https:\/\/www.riofilmcommission.com\/wp-content\/uploads\/2024\/12\/logo-rio-film-commission-sem-g20.png","contentUrl":"https:\/\/www.riofilmcommission.com\/wp-content\/uploads\/2024\/12\/logo-rio-film-commission-sem-g20.png","width":1161,"height":192,"caption":"Rio Film Commission"},"image":{"@id":"https:\/\/www.riofilmcommission.com\/en\/#\/schema\/logo\/image\/"},"sameAs":["https:\/\/www.facebook.com\/RioFilmCommission","https:\/\/x.com\/filmrio","https:\/\/www.instagram.com\/_riofilme\/","https:\/\/br.linkedin.com\/company\/riofilme","https:\/\/pt.wikipedia.org\/wiki\/RioFilme"]}]}},"_links":{"self":[{"href":"https:\/\/www.riofilmcommission.com\/en\/wp-json\/wp\/v2\/pages\/27020","targetHints":{"allow":["GET"]}}],"collection":[{"href":"https:\/\/www.riofilmcommission.com\/en\/wp-json\/wp\/v2\/pages"}],"about":[{"href":"https:\/\/www.riofilmcommission.com\/en\/wp-json\/wp\/v2\/types\/page"}],"author":[{"embeddable":true,"href":"https:\/\/www.riofilmcommission.com\/en\/wp-json\/wp\/v2\/users\/1"}],"replies":[{"embeddable":true,"href":"https:\/\/www.riofilmcommission.com\/en\/wp-json\/wp\/v2\/comments?post=27020"}],"version-history":[{"count":1,"href":"https:\/\/www.riofilmcommission.com\/en\/wp-json\/wp\/v2\/pages\/27020\/revisions"}],"predecessor-version":[{"id":27021,"href":"https:\/\/www.riofilmcommission.com\/en\/wp-json\/wp\/v2\/pages\/27020\/revisions\/27021"}],"wp:attachment":[{"href":"https:\/\/www.riofilmcommission.com\/en\/wp-json\/wp\/v2\/media?parent=27020"}],"curies":[{"name":"wp","href":"https:\/\/api.w.org\/{rel}","templated":true}]}}